{"id":3879,"date":"2023-05-17T13:38:15","date_gmt":"2023-05-17T11:38:15","guid":{"rendered":"https:\/\/dmp-reinigung.ch\/nettoyage-de-bureau\/"},"modified":"2023-05-20T20:06:56","modified_gmt":"2023-05-20T18:06:56","slug":"nettoyage-de-bureau","status":"publish","type":"page","link":"https:\/\/dmp-reinigung.ch\/fr\/nettoyage-de-bureau\/","title":{"rendered":"Nettoyage de bureau"},"content":{"rendered":"<div class=\"wpb-content-wrapper\"><p>[vc_row center_row=\u00a0\u00bbyes\u00a0\u00bb typo_style=\u00a0\u00bbdefault\u00a0\u00bb][vc_column width=\u00a0\u00bb1\/2&Prime;]<div class=\"zozo-parallax-header wpb_animate_when_almost_visible wpb_bottom-to-top\"><div class=\"parallax-header content-style-default\"><h4 class=\"parallax-title text-left\">DM Pereira Reinigung - Nettoyage de bureau<\/h4><div class=\"parallax-desc default-style text-left\"><p>Qu&rsquo;il s&rsquo;agisse d&rsquo;un peu de poussi\u00e8re ou de caf\u00e9 renvers\u00e9, l&rsquo;activit\u00e9 professionnelle dans un bureau n&rsquo;est g\u00e9n\u00e9ralement pas tr\u00e8s salissante. Cela ne signifie pas pour autant que l&rsquo;entretien des locaux doit \u00eatre n\u00e9glig\u00e9, car il contribue au bien-\u00eatre des collaborateurs, des clients et des partenaires de l&rsquo;entreprise.<\/p>\n<p>La propret\u00e9 des bureaux a un impact sur l&rsquo;hygi\u00e8ne et le bien-\u00eatre des employ\u00e9s ainsi que sur l&rsquo;image de l&rsquo;entreprise. Elle est donc un aspect essentiel du bon fonctionnement d&rsquo;une entreprise.<\/p>\n<p>DM Pereira Reinigung vous propose ses services pour prendre en charge le nettoyage de vos bureaux afin de garantir un entretien impeccable. Notre offre compl\u00e8te s&rsquo;adapte \u00e0 vos besoins. Nos \u00e9quipes peuvent ainsi venir \u00e0 diff\u00e9rentes heures du jour, voire de la nuit.<\/p>\n<\/div><\/div><\/div>[\/vc_column][vc_column width=\u00a0\u00bb1\/2&Prime;][vc_single_image image=\u00a0\u00bb2135&Prime; img_size=\u00a0\u00bbfull\u00a0\u00bb alignment=\u00a0\u00bbcenter\u00a0\u00bb style=\u00a0\u00bbvc_box_border\u00a0\u00bb border_color=\u00a0\u00bbgreen\u00a0\u00bb css_animation=\u00a0\u00bbfadeInUp\u00a0\u00bb][\/vc_column][\/vc_row][vc_row bg_style=\u00a0\u00bbgrey-wrapper\u00a0\u00bb center_row=\u00a0\u00bbyes\u00a0\u00bb typo_style=\u00a0\u00bbdefault\u00a0\u00bb css=\u00a0\u00bb.vc_custom_1684578497596{background-color: #d6edff !important;}\u00a0\u00bb][vc_column]<div class=\"zozo-circle-counter-wrapper wpb_animate_when_almost_visible wpb_bottom-to-top clearfix\"><div id=\"zozo-circle-counter-1\" class=\"zozo-circle-counter circle-no-slider circle-counter1 columns-3 clearfix\" data-circle=\"140\" data-linewidth=\"14\"><div class=\"circle-counter-item\"><div class=\"zozo-piechart\" data-barcolor=\"#2DA3DC\" data-trackcolor=\"#333333\" data-percent=\"100\"><span style=\"line-height:140px;\"><\/span><\/div><div class=\"zozo-piechart-content\"><h4 class=\"circle-counter-title\">Efficacit\u00e9<\/h4><\/div><\/div><div class=\"circle-counter-item\"><div class=\"zozo-piechart\" data-barcolor=\"#2DA3DC\" data-trackcolor=\"#333333\" data-percent=\"100\"><span style=\"line-height:140px;\"><\/span><\/div><div class=\"zozo-piechart-content\"><h4 class=\"circle-counter-title\">Vitesse<\/h4><\/div><\/div><div class=\"circle-counter-item\"><div class=\"zozo-piechart\" data-barcolor=\"#2DA3DC\" data-trackcolor=\"#333333\" data-percent=\"100\"><span style=\"line-height:140px;\"><\/span><\/div><div class=\"zozo-piechart-content\"><h4 class=\"circle-counter-title\">Tarifs<\/h4><\/div><\/div><\/div><\/div>[\/vc_column][\/vc_row][vc_row css=\u00a0\u00bb.vc_custom_1684578604173{padding-top: 0px !important;padding-bottom: 0px !important;background-color: #40b9ed !important;}\u00a0\u00bb][vc_column][vc_btn title=\u00a0\u00bbDemander un devis\u00a0\u00bb style=\u00a0\u00bbclassic\u00a0\u00bb color=\u00a0\u00bbwarning\u00a0\u00bb size=\u00a0\u00bblg\u00a0\u00bb align=\u00a0\u00bbcenter\u00a0\u00bb link=\u00a0\u00bburl:https%3A%2F%2Fdmp-reinigung.ch%2Ffr%2Fcontact%2F|title:Contact|\u00a0\u00bb][\/vc_column][\/vc_row]<\/p>\n<\/div>","protected":false},"excerpt":{"rendered":"<p>[vc_row center_row=\u00a0\u00bbyes\u00a0\u00bb typo_style=\u00a0\u00bbdefault\u00a0\u00bb][vc_column width=\u00a0\u00bb1\/2&Prime;][\/vc_column][vc_column width=\u00a0\u00bb1\/2&Prime;][vc_single_image image=\u00a0\u00bb2135&Prime; img_size=\u00a0\u00bbfull\u00a0\u00bb alignment=\u00a0\u00bbcenter\u00a0\u00bb style=\u00a0\u00bbvc_box_border\u00a0\u00bb border_color=\u00a0\u00bbgreen\u00a0\u00bb css_animation=\u00a0\u00bbfadeInUp\u00a0\u00bb][\/vc_column][\/vc_row][vc_row bg_style=\u00a0\u00bbgrey-wrapper\u00a0\u00bb center_row=\u00a0\u00bbyes\u00a0\u00bb typo_style=\u00a0\u00bbdefault\u00a0\u00bb css=\u00a0\u00bb.vc_custom_1684578497596{background-color: #d6edff !important;}\u00a0\u00bb][vc_column][\/vc_column][\/vc_row][vc_row css=\u00a0\u00bb.vc_custom_1684578604173{padding-top: 0px !important;padding-bottom: 0px !important;background-color: #40b9ed !important;}\u00a0\u00bb][vc_column][vc_btn title=\u00a0\u00bbDemander un devis\u00a0\u00bb style=\u00a0\u00bbclassic\u00a0\u00bb color=\u00a0\u00bbwarning\u00a0\u00bb size=\u00a0\u00bblg\u00a0\u00bb&#8230;<\/p>\n","protected":false},"author":3,"featured_media":0,"parent":0,"menu_order":0,"comment_status":"closed","ping_status":"closed","template":"template-fullwidth.php","meta":{"footnotes":""},"class_list":["post-3879","page","type-page","status-publish","hentry"],"yoast_head":"<!-- This site is optimized with the Yoast SEO plugin v25.1 - https:\/\/yoast.com\/wordpress\/plugins\/seo\/ -->\n<title>Nettoyage de bureau - DMP-Reinigung<\/title>\n<meta name=\"robots\" content=\"index, follow, max-snippet:-1, max-image-preview:large, max-video-preview:-1\" \/>\n<link rel=\"canonical\" href=\"https:\/\/dmp-reinigung.ch\/fr\/nettoyage-de-bureau\/\" \/>\n<meta property=\"og:locale\" content=\"fr_FR\" \/>\n<meta property=\"og:type\" content=\"article\" \/>\n<meta property=\"og:title\" content=\"Nettoyage de bureau - DMP-Reinigung\" \/>\n<meta property=\"og:description\" content=\"[vc_row center_row=\u00a0\u00bbyes\u00a0\u00bb typo_style=\u00a0\u00bbdefault\u00a0\u00bb][vc_column width=\u00a0\u00bb1\/2&Prime;][\/vc_column][vc_column width=\u00a0\u00bb1\/2&Prime;][vc_single_image image=\u00a0\u00bb2135&Prime; img_size=\u00a0\u00bbfull\u00a0\u00bb alignment=\u00a0\u00bbcenter\u00a0\u00bb style=\u00a0\u00bbvc_box_border\u00a0\u00bb border_color=\u00a0\u00bbgreen\u00a0\u00bb css_animation=\u00a0\u00bbfadeInUp\u00a0\u00bb][\/vc_column][\/vc_row][vc_row bg_style=\u00a0\u00bbgrey-wrapper\u00a0\u00bb center_row=\u00a0\u00bbyes\u00a0\u00bb typo_style=\u00a0\u00bbdefault\u00a0\u00bb css=\u00a0\u00bb.vc_custom_1684578497596{background-color: #d6edff !important;}\u00a0\u00bb][vc_column][\/vc_column][\/vc_row][vc_row css=\u00a0\u00bb.vc_custom_1684578604173{padding-top: 0px !important;padding-bottom: 0px !important;background-color: #40b9ed !important;}\u00a0\u00bb][vc_column][vc_btn title=\u00a0\u00bbDemander un devis\u00a0\u00bb style=\u00a0\u00bbclassic\u00a0\u00bb color=\u00a0\u00bbwarning\u00a0\u00bb size=\u00a0\u00bblg\u00a0\u00bb...\" \/>\n<meta property=\"og:url\" content=\"https:\/\/dmp-reinigung.ch\/fr\/nettoyage-de-bureau\/\" \/>\n<meta property=\"og:site_name\" content=\"DMP-Reinigung\" \/>\n<meta property=\"article:publisher\" content=\"https:\/\/www.facebook.com\/profile.php?id=100080721353299\" \/>\n<meta property=\"article:modified_time\" content=\"2023-05-20T18:06:56+00:00\" \/>\n<meta name=\"twitter:card\" content=\"summary_large_image\" \/>\n<meta name=\"twitter:label1\" content=\"Dur\u00e9e de lecture estim\u00e9e\" \/>\n\t<meta name=\"twitter:data1\" content=\"1 minute\" \/>\n<script type=\"application\/ld+json\" class=\"yoast-schema-graph\">{\"@context\":\"https:\/\/schema.org\",\"@graph\":[{\"@type\":\"WebPage\",\"@id\":\"https:\/\/dmp-reinigung.ch\/fr\/nettoyage-de-bureau\/\",\"url\":\"https:\/\/dmp-reinigung.ch\/fr\/nettoyage-de-bureau\/\",\"name\":\"Nettoyage de bureau - DMP-Reinigung\",\"isPartOf\":{\"@id\":\"https:\/\/dmp-reinigung.ch\/fr\/#website\"},\"datePublished\":\"2023-05-17T11:38:15+00:00\",\"dateModified\":\"2023-05-20T18:06:56+00:00\",\"breadcrumb\":{\"@id\":\"https:\/\/dmp-reinigung.ch\/fr\/nettoyage-de-bureau\/#breadcrumb\"},\"inLanguage\":\"fr-FR\",\"potentialAction\":[{\"@type\":\"ReadAction\",\"target\":[\"https:\/\/dmp-reinigung.ch\/fr\/nettoyage-de-bureau\/\"]}]},{\"@type\":\"BreadcrumbList\",\"@id\":\"https:\/\/dmp-reinigung.ch\/fr\/nettoyage-de-bureau\/#breadcrumb\",\"itemListElement\":[{\"@type\":\"ListItem\",\"position\":1,\"name\":\"Accueil\",\"item\":\"https:\/\/dmp-reinigung.ch\/fr\/\"},{\"@type\":\"ListItem\",\"position\":2,\"name\":\"Nettoyage de bureau\"}]},{\"@type\":\"WebSite\",\"@id\":\"https:\/\/dmp-reinigung.ch\/fr\/#website\",\"url\":\"https:\/\/dmp-reinigung.ch\/fr\/\",\"name\":\"DMP-Reinigung\",\"description\":\"\",\"publisher\":{\"@id\":\"https:\/\/dmp-reinigung.ch\/fr\/#organization\"},\"potentialAction\":[{\"@type\":\"SearchAction\",\"target\":{\"@type\":\"EntryPoint\",\"urlTemplate\":\"https:\/\/dmp-reinigung.ch\/fr\/?s={search_term_string}\"},\"query-input\":{\"@type\":\"PropertyValueSpecification\",\"valueRequired\":true,\"valueName\":\"search_term_string\"}}],\"inLanguage\":\"fr-FR\"},{\"@type\":\"Organization\",\"@id\":\"https:\/\/dmp-reinigung.ch\/fr\/#organization\",\"name\":\"DM Pereira Reinigung\",\"url\":\"https:\/\/dmp-reinigung.ch\/fr\/\",\"logo\":{\"@type\":\"ImageObject\",\"inLanguage\":\"fr-FR\",\"@id\":\"https:\/\/dmp-reinigung.ch\/fr\/#\/schema\/logo\/image\/\",\"url\":\"https:\/\/dmp-reinigung.ch\/wp-content\/uploads\/2023\/05\/Logo-Horizontal-DM-Pereira-Reinigung-01.png\",\"contentUrl\":\"https:\/\/dmp-reinigung.ch\/wp-content\/uploads\/2023\/05\/Logo-Horizontal-DM-Pereira-Reinigung-01.png\",\"width\":300,\"height\":150,\"caption\":\"DM Pereira Reinigung\"},\"image\":{\"@id\":\"https:\/\/dmp-reinigung.ch\/fr\/#\/schema\/logo\/image\/\"},\"sameAs\":[\"https:\/\/www.facebook.com\/profile.php?id=100080721353299\",\"https:\/\/www.instagram.com\/dmpreinigung\/\"]}]}<\/script>\n<!-- \/ Yoast SEO plugin. -->","yoast_head_json":{"title":"Nettoyage de bureau - DMP-Reinigung","robots":{"index":"index","follow":"follow","max-snippet":"max-snippet:-1","max-image-preview":"max-image-preview:large","max-video-preview":"max-video-preview:-1"},"canonical":"https:\/\/dmp-reinigung.ch\/fr\/nettoyage-de-bureau\/","og_locale":"fr_FR","og_type":"article","og_title":"Nettoyage de bureau - DMP-Reinigung","og_description":"[vc_row center_row=\u00a0\u00bbyes\u00a0\u00bb typo_style=\u00a0\u00bbdefault\u00a0\u00bb][vc_column width=\u00a0\u00bb1\/2&Prime;][\/vc_column][vc_column width=\u00a0\u00bb1\/2&Prime;][vc_single_image image=\u00a0\u00bb2135&Prime; img_size=\u00a0\u00bbfull\u00a0\u00bb alignment=\u00a0\u00bbcenter\u00a0\u00bb style=\u00a0\u00bbvc_box_border\u00a0\u00bb border_color=\u00a0\u00bbgreen\u00a0\u00bb css_animation=\u00a0\u00bbfadeInUp\u00a0\u00bb][\/vc_column][\/vc_row][vc_row bg_style=\u00a0\u00bbgrey-wrapper\u00a0\u00bb center_row=\u00a0\u00bbyes\u00a0\u00bb typo_style=\u00a0\u00bbdefault\u00a0\u00bb css=\u00a0\u00bb.vc_custom_1684578497596{background-color: #d6edff !important;}\u00a0\u00bb][vc_column][\/vc_column][\/vc_row][vc_row css=\u00a0\u00bb.vc_custom_1684578604173{padding-top: 0px !important;padding-bottom: 0px !important;background-color: #40b9ed !important;}\u00a0\u00bb][vc_column][vc_btn title=\u00a0\u00bbDemander un devis\u00a0\u00bb style=\u00a0\u00bbclassic\u00a0\u00bb color=\u00a0\u00bbwarning\u00a0\u00bb size=\u00a0\u00bblg\u00a0\u00bb...","og_url":"https:\/\/dmp-reinigung.ch\/fr\/nettoyage-de-bureau\/","og_site_name":"DMP-Reinigung","article_publisher":"https:\/\/www.facebook.com\/profile.php?id=100080721353299","article_modified_time":"2023-05-20T18:06:56+00:00","twitter_card":"summary_large_image","twitter_misc":{"Dur\u00e9e de lecture estim\u00e9e":"1 minute"},"schema":{"@context":"https:\/\/schema.org","@graph":[{"@type":"WebPage","@id":"https:\/\/dmp-reinigung.ch\/fr\/nettoyage-de-bureau\/","url":"https:\/\/dmp-reinigung.ch\/fr\/nettoyage-de-bureau\/","name":"Nettoyage de bureau - DMP-Reinigung","isPartOf":{"@id":"https:\/\/dmp-reinigung.ch\/fr\/#website"},"datePublished":"2023-05-17T11:38:15+00:00","dateModified":"2023-05-20T18:06:56+00:00","breadcrumb":{"@id":"https:\/\/dmp-reinigung.ch\/fr\/nettoyage-de-bureau\/#breadcrumb"},"inLanguage":"fr-FR","potentialAction":[{"@type":"ReadAction","target":["https:\/\/dmp-reinigung.ch\/fr\/nettoyage-de-bureau\/"]}]},{"@type":"BreadcrumbList","@id":"https:\/\/dmp-reinigung.ch\/fr\/nettoyage-de-bureau\/#breadcrumb","itemListElement":[{"@type":"ListItem","position":1,"name":"Accueil","item":"https:\/\/dmp-reinigung.ch\/fr\/"},{"@type":"ListItem","position":2,"name":"Nettoyage de bureau"}]},{"@type":"WebSite","@id":"https:\/\/dmp-reinigung.ch\/fr\/#website","url":"https:\/\/dmp-reinigung.ch\/fr\/","name":"DMP-Reinigung","description":"","publisher":{"@id":"https:\/\/dmp-reinigung.ch\/fr\/#organization"},"potentialAction":[{"@type":"SearchAction","target":{"@type":"EntryPoint","urlTemplate":"https:\/\/dmp-reinigung.ch\/fr\/?s={search_term_string}"},"query-input":{"@type":"PropertyValueSpecification","valueRequired":true,"valueName":"search_term_string"}}],"inLanguage":"fr-FR"},{"@type":"Organization","@id":"https:\/\/dmp-reinigung.ch\/fr\/#organization","name":"DM Pereira Reinigung","url":"https:\/\/dmp-reinigung.ch\/fr\/","logo":{"@type":"ImageObject","inLanguage":"fr-FR","@id":"https:\/\/dmp-reinigung.ch\/fr\/#\/schema\/logo\/image\/","url":"https:\/\/dmp-reinigung.ch\/wp-content\/uploads\/2023\/05\/Logo-Horizontal-DM-Pereira-Reinigung-01.png","contentUrl":"https:\/\/dmp-reinigung.ch\/wp-content\/uploads\/2023\/05\/Logo-Horizontal-DM-Pereira-Reinigung-01.png","width":300,"height":150,"caption":"DM Pereira Reinigung"},"image":{"@id":"https:\/\/dmp-reinigung.ch\/fr\/#\/schema\/logo\/image\/"},"sameAs":["https:\/\/www.facebook.com\/profile.php?id=100080721353299","https:\/\/www.instagram.com\/dmpreinigung\/"]}]}},"_links":{"self":[{"href":"https:\/\/dmp-reinigung.ch\/fr\/wp-json\/wp\/v2\/pages\/3879","targetHints":{"allow":["GET"]}}],"collection":[{"href":"https:\/\/dmp-reinigung.ch\/fr\/wp-json\/wp\/v2\/pages"}],"about":[{"href":"https:\/\/dmp-reinigung.ch\/fr\/wp-json\/wp\/v2\/types\/page"}],"author":[{"embeddable":true,"href":"https:\/\/dmp-reinigung.ch\/fr\/wp-json\/wp\/v2\/users\/3"}],"replies":[{"embeddable":true,"href":"https:\/\/dmp-reinigung.ch\/fr\/wp-json\/wp\/v2\/comments?post=3879"}],"version-history":[{"count":35,"href":"https:\/\/dmp-reinigung.ch\/fr\/wp-json\/wp\/v2\/pages\/3879\/revisions"}],"predecessor-version":[{"id":4836,"href":"https:\/\/dmp-reinigung.ch\/fr\/wp-json\/wp\/v2\/pages\/3879\/revisions\/4836"}],"wp:attachment":[{"href":"https:\/\/dmp-reinigung.ch\/fr\/wp-json\/wp\/v2\/media?parent=3879"}],"curies":[{"name":"wp","href":"https:\/\/api.w.org\/{rel}","templated":true}]}}