{"id":3926,"date":"2023-05-17T10:16:35","date_gmt":"2023-05-17T08:16:35","guid":{"rendered":"https:\/\/dmp-reinigung.ch\/menage\/"},"modified":"2023-05-21T15:12:12","modified_gmt":"2023-05-21T13:12:12","slug":"menage","status":"publish","type":"page","link":"https:\/\/dmp-reinigung.ch\/fr\/menage\/","title":{"rendered":"M\u00e9nage"},"content":{"rendered":"<div class=\"wpb-content-wrapper\"><p>[vc_row center_row=\u00a0\u00bbyes\u00a0\u00bb typo_style=\u00a0\u00bbdefault\u00a0\u00bb][vc_column width=\u00a0\u00bb1\/2&Prime;]<div class=\"zozo-parallax-header wpb_animate_when_almost_visible wpb_bottom-to-top\"><div class=\"parallax-header content-style-default\"><h4 class=\"parallax-title text-left\">DM Pereira Reinigung - Entretien m\u00e9nager<\/h4><div class=\"parallax-desc default-style text-left\"><p>DM Pereira Reinigung vous offre la possibilit\u00e9 de mettre \u00e0 votre disposition, r\u00e9guli\u00e8rement ou occasionnellement, des femmes de m\u00e9nage professionnelles hautement qualifi\u00e9es, encadr\u00e9es et supervis\u00e9es par une gouvernante.<\/p>\n<p>Votre femme de m\u00e9nage traitera votre appartement avec le plus grand soin, qu&rsquo;il soit meubl\u00e9 de mani\u00e8re traditionnelle ou moderne. Responsable et exp\u00e9riment\u00e9e, s\u00e9lectionn\u00e9e pour ses qualit\u00e9s professionnelles et humaines, votre femme de m\u00e9nage s&rsquo;occupe de l&rsquo;entretien de votre maison avec comp\u00e9tence, rigueur et discr\u00e9tion.<\/p>\n<p>Son autonomie, sa capacit\u00e9 d&rsquo;initiative, sa polyvalence et son sens du d\u00e9tail lui permettent de r\u00e9pondre de mani\u00e8re professionnelle \u00e0 toutes vos demandes. Nous proposons \u00e9galement toute une gamme de services annexes pour les particuliers.<\/p>\n<p>Nous vous garantissons un nettoyage du sol au plafond qui r\u00e9pond \u00e0 vos besoins. Nous nettoyons \u00e0 fond votre cuisine, votre salle de bains, vos tapis et moquettes, votre linge, vos fen\u00eatres, vos meubles, etc.<\/p>\n<\/div><\/div><\/div>[\/vc_column][vc_column width=\u00a0\u00bb1\/2&Prime;][vc_single_image image=\u00a0\u00bb2124&Prime; img_size=\u00a0\u00bbfull\u00a0\u00bb alignment=\u00a0\u00bbcenter\u00a0\u00bb style=\u00a0\u00bbvc_box_border\u00a0\u00bb border_color=\u00a0\u00bbgreen\u00a0\u00bb css_animation=\u00a0\u00bbfadeInUp\u00a0\u00bb][\/vc_column][\/vc_row][vc_row bg_style=\u00a0\u00bbgrey-wrapper\u00a0\u00bb center_row=\u00a0\u00bbyes\u00a0\u00bb typo_style=\u00a0\u00bbdefault\u00a0\u00bb css=\u00a0\u00bb.vc_custom_1684577225067{background-color: #d6edff !important;}\u00a0\u00bb][vc_column]<div class=\"zozo-circle-counter-wrapper wpb_animate_when_almost_visible wpb_bottom-to-top clearfix\"><div id=\"zozo-circle-counter-1\" class=\"zozo-circle-counter circle-no-slider circle-counter1 columns-3 clearfix\" data-circle=\"140\" data-linewidth=\"14\"><div class=\"circle-counter-item\"><div class=\"zozo-piechart\" data-barcolor=\"#2DA3DC\" data-trackcolor=\"#333333\" data-percent=\"100\"><span style=\"line-height:140px;\"><\/span><\/div><div class=\"zozo-piechart-content\"><h4 class=\"circle-counter-title\">Efficacit\u00e9<\/h4><\/div><\/div><div class=\"circle-counter-item\"><div class=\"zozo-piechart\" data-barcolor=\"#2DA3DC\" data-trackcolor=\"#333333\" data-percent=\"100\"><span style=\"line-height:140px;\"><\/span><\/div><div class=\"zozo-piechart-content\"><h4 class=\"circle-counter-title\">Vitesse<\/h4><\/div><\/div><div class=\"circle-counter-item\"><div class=\"zozo-piechart\" data-barcolor=\"#2DA3DC\" data-trackcolor=\"#333333\" data-percent=\"100\"><span style=\"line-height:140px;\"><\/span><\/div><div class=\"zozo-piechart-content\"><h4 class=\"circle-counter-title\">Tarifs<\/h4><\/div><\/div><\/div><\/div>[\/vc_column][\/vc_row][vc_row css=\u00a0\u00bb.vc_custom_1684577242064{padding-top: 0px !important;padding-bottom: 0px !important;background-color: #40b9ed !important;}\u00a0\u00bb][vc_column][vc_btn title=\u00a0\u00bbDemander un devis\u00a0\u00bb style=\u00a0\u00bbclassic\u00a0\u00bb color=\u00a0\u00bbwarning\u00a0\u00bb size=\u00a0\u00bblg\u00a0\u00bb align=\u00a0\u00bbcenter\u00a0\u00bb link=\u00a0\u00bburl:https%3A%2F%2Fdmp-reinigung.ch%2Ffr%2Fcontact|title:Contact\u00a0\u00bb][\/vc_column][\/vc_row]<\/p>\n<\/div>","protected":false},"excerpt":{"rendered":"<p>[vc_row center_row=\u00a0\u00bbyes\u00a0\u00bb typo_style=\u00a0\u00bbdefault\u00a0\u00bb][vc_column width=\u00a0\u00bb1\/2&Prime;][\/vc_column][vc_column width=\u00a0\u00bb1\/2&Prime;][vc_single_image image=\u00a0\u00bb2124&Prime; img_size=\u00a0\u00bbfull\u00a0\u00bb alignment=\u00a0\u00bbcenter\u00a0\u00bb style=\u00a0\u00bbvc_box_border\u00a0\u00bb border_color=\u00a0\u00bbgreen\u00a0\u00bb css_animation=\u00a0\u00bbfadeInUp\u00a0\u00bb][\/vc_column][\/vc_row][vc_row bg_style=\u00a0\u00bbgrey-wrapper\u00a0\u00bb center_row=\u00a0\u00bbyes\u00a0\u00bb typo_style=\u00a0\u00bbdefault\u00a0\u00bb css=\u00a0\u00bb.vc_custom_1684577225067{background-color: #d6edff !important;}\u00a0\u00bb][vc_column][\/vc_column][\/vc_row][vc_row css=\u00a0\u00bb.vc_custom_1684577242064{padding-top: 0px !important;padding-bottom: 0px !important;background-color: #40b9ed !important;}\u00a0\u00bb][vc_column][vc_btn title=\u00a0\u00bbDemander un devis\u00a0\u00bb style=\u00a0\u00bbclassic\u00a0\u00bb color=\u00a0\u00bbwarning\u00a0\u00bb size=\u00a0\u00bblg\u00a0\u00bb&#8230;<\/p>\n","protected":false},"author":3,"featured_media":0,"parent":0,"menu_order":0,"comment_status":"closed","ping_status":"closed","template":"template-fullwidth.php","meta":{"footnotes":""},"class_list":["post-3926","page","type-page","status-publish","hentry"],"yoast_head":"<!-- This site is optimized with the Yoast SEO plugin v25.1 - https:\/\/yoast.com\/wordpress\/plugins\/seo\/ -->\n<title>M\u00e9nage - DMP-Reinigung<\/title>\n<meta name=\"robots\" content=\"index, follow, max-snippet:-1, max-image-preview:large, max-video-preview:-1\" \/>\n<link rel=\"canonical\" href=\"https:\/\/dmp-reinigung.ch\/fr\/menage\/\" \/>\n<meta property=\"og:locale\" content=\"fr_FR\" \/>\n<meta property=\"og:type\" content=\"article\" \/>\n<meta property=\"og:title\" content=\"M\u00e9nage - DMP-Reinigung\" \/>\n<meta property=\"og:description\" content=\"[vc_row center_row=\u00a0\u00bbyes\u00a0\u00bb typo_style=\u00a0\u00bbdefault\u00a0\u00bb][vc_column width=\u00a0\u00bb1\/2&Prime;][\/vc_column][vc_column width=\u00a0\u00bb1\/2&Prime;][vc_single_image image=\u00a0\u00bb2124&Prime; img_size=\u00a0\u00bbfull\u00a0\u00bb alignment=\u00a0\u00bbcenter\u00a0\u00bb style=\u00a0\u00bbvc_box_border\u00a0\u00bb border_color=\u00a0\u00bbgreen\u00a0\u00bb css_animation=\u00a0\u00bbfadeInUp\u00a0\u00bb][\/vc_column][\/vc_row][vc_row bg_style=\u00a0\u00bbgrey-wrapper\u00a0\u00bb center_row=\u00a0\u00bbyes\u00a0\u00bb typo_style=\u00a0\u00bbdefault\u00a0\u00bb css=\u00a0\u00bb.vc_custom_1684577225067{background-color: #d6edff !important;}\u00a0\u00bb][vc_column][\/vc_column][\/vc_row][vc_row css=\u00a0\u00bb.vc_custom_1684577242064{padding-top: 0px !important;padding-bottom: 0px !important;background-color: #40b9ed !important;}\u00a0\u00bb][vc_column][vc_btn title=\u00a0\u00bbDemander un devis\u00a0\u00bb style=\u00a0\u00bbclassic\u00a0\u00bb color=\u00a0\u00bbwarning\u00a0\u00bb size=\u00a0\u00bblg\u00a0\u00bb...\" \/>\n<meta property=\"og:url\" content=\"https:\/\/dmp-reinigung.ch\/fr\/menage\/\" \/>\n<meta property=\"og:site_name\" content=\"DMP-Reinigung\" \/>\n<meta property=\"article:publisher\" content=\"https:\/\/www.facebook.com\/profile.php?id=100080721353299\" \/>\n<meta property=\"article:modified_time\" content=\"2023-05-21T13:12:12+00:00\" \/>\n<meta name=\"twitter:card\" content=\"summary_large_image\" \/>\n<meta name=\"twitter:label1\" content=\"Dur\u00e9e de lecture estim\u00e9e\" \/>\n\t<meta name=\"twitter:data1\" content=\"2 minutes\" \/>\n<script type=\"application\/ld+json\" class=\"yoast-schema-graph\">{\"@context\":\"https:\/\/schema.org\",\"@graph\":[{\"@type\":\"WebPage\",\"@id\":\"https:\/\/dmp-reinigung.ch\/fr\/menage\/\",\"url\":\"https:\/\/dmp-reinigung.ch\/fr\/menage\/\",\"name\":\"M\u00e9nage - DMP-Reinigung\",\"isPartOf\":{\"@id\":\"https:\/\/dmp-reinigung.ch\/fr\/#website\"},\"datePublished\":\"2023-05-17T08:16:35+00:00\",\"dateModified\":\"2023-05-21T13:12:12+00:00\",\"breadcrumb\":{\"@id\":\"https:\/\/dmp-reinigung.ch\/fr\/menage\/#breadcrumb\"},\"inLanguage\":\"fr-FR\",\"potentialAction\":[{\"@type\":\"ReadAction\",\"target\":[\"https:\/\/dmp-reinigung.ch\/fr\/menage\/\"]}]},{\"@type\":\"BreadcrumbList\",\"@id\":\"https:\/\/dmp-reinigung.ch\/fr\/menage\/#breadcrumb\",\"itemListElement\":[{\"@type\":\"ListItem\",\"position\":1,\"name\":\"Accueil\",\"item\":\"https:\/\/dmp-reinigung.ch\/fr\/\"},{\"@type\":\"ListItem\",\"position\":2,\"name\":\"M\u00e9nage\"}]},{\"@type\":\"WebSite\",\"@id\":\"https:\/\/dmp-reinigung.ch\/fr\/#website\",\"url\":\"https:\/\/dmp-reinigung.ch\/fr\/\",\"name\":\"DMP-Reinigung\",\"description\":\"\",\"publisher\":{\"@id\":\"https:\/\/dmp-reinigung.ch\/fr\/#organization\"},\"potentialAction\":[{\"@type\":\"SearchAction\",\"target\":{\"@type\":\"EntryPoint\",\"urlTemplate\":\"https:\/\/dmp-reinigung.ch\/fr\/?s={search_term_string}\"},\"query-input\":{\"@type\":\"PropertyValueSpecification\",\"valueRequired\":true,\"valueName\":\"search_term_string\"}}],\"inLanguage\":\"fr-FR\"},{\"@type\":\"Organization\",\"@id\":\"https:\/\/dmp-reinigung.ch\/fr\/#organization\",\"name\":\"DM Pereira Reinigung\",\"url\":\"https:\/\/dmp-reinigung.ch\/fr\/\",\"logo\":{\"@type\":\"ImageObject\",\"inLanguage\":\"fr-FR\",\"@id\":\"https:\/\/dmp-reinigung.ch\/fr\/#\/schema\/logo\/image\/\",\"url\":\"https:\/\/dmp-reinigung.ch\/wp-content\/uploads\/2023\/05\/Logo-Horizontal-DM-Pereira-Reinigung-01.png\",\"contentUrl\":\"https:\/\/dmp-reinigung.ch\/wp-content\/uploads\/2023\/05\/Logo-Horizontal-DM-Pereira-Reinigung-01.png\",\"width\":300,\"height\":150,\"caption\":\"DM Pereira Reinigung\"},\"image\":{\"@id\":\"https:\/\/dmp-reinigung.ch\/fr\/#\/schema\/logo\/image\/\"},\"sameAs\":[\"https:\/\/www.facebook.com\/profile.php?id=100080721353299\",\"https:\/\/www.instagram.com\/dmpreinigung\/\"]}]}<\/script>\n<!-- \/ Yoast SEO plugin. -->","yoast_head_json":{"title":"M\u00e9nage - DMP-Reinigung","robots":{"index":"index","follow":"follow","max-snippet":"max-snippet:-1","max-image-preview":"max-image-preview:large","max-video-preview":"max-video-preview:-1"},"canonical":"https:\/\/dmp-reinigung.ch\/fr\/menage\/","og_locale":"fr_FR","og_type":"article","og_title":"M\u00e9nage - DMP-Reinigung","og_description":"[vc_row center_row=\u00a0\u00bbyes\u00a0\u00bb typo_style=\u00a0\u00bbdefault\u00a0\u00bb][vc_column width=\u00a0\u00bb1\/2&Prime;][\/vc_column][vc_column width=\u00a0\u00bb1\/2&Prime;][vc_single_image image=\u00a0\u00bb2124&Prime; img_size=\u00a0\u00bbfull\u00a0\u00bb alignment=\u00a0\u00bbcenter\u00a0\u00bb style=\u00a0\u00bbvc_box_border\u00a0\u00bb border_color=\u00a0\u00bbgreen\u00a0\u00bb css_animation=\u00a0\u00bbfadeInUp\u00a0\u00bb][\/vc_column][\/vc_row][vc_row bg_style=\u00a0\u00bbgrey-wrapper\u00a0\u00bb center_row=\u00a0\u00bbyes\u00a0\u00bb typo_style=\u00a0\u00bbdefault\u00a0\u00bb css=\u00a0\u00bb.vc_custom_1684577225067{background-color: #d6edff !important;}\u00a0\u00bb][vc_column][\/vc_column][\/vc_row][vc_row css=\u00a0\u00bb.vc_custom_1684577242064{padding-top: 0px !important;padding-bottom: 0px !important;background-color: #40b9ed !important;}\u00a0\u00bb][vc_column][vc_btn title=\u00a0\u00bbDemander un devis\u00a0\u00bb style=\u00a0\u00bbclassic\u00a0\u00bb color=\u00a0\u00bbwarning\u00a0\u00bb size=\u00a0\u00bblg\u00a0\u00bb...","og_url":"https:\/\/dmp-reinigung.ch\/fr\/menage\/","og_site_name":"DMP-Reinigung","article_publisher":"https:\/\/www.facebook.com\/profile.php?id=100080721353299","article_modified_time":"2023-05-21T13:12:12+00:00","twitter_card":"summary_large_image","twitter_misc":{"Dur\u00e9e de lecture estim\u00e9e":"2 minutes"},"schema":{"@context":"https:\/\/schema.org","@graph":[{"@type":"WebPage","@id":"https:\/\/dmp-reinigung.ch\/fr\/menage\/","url":"https:\/\/dmp-reinigung.ch\/fr\/menage\/","name":"M\u00e9nage - DMP-Reinigung","isPartOf":{"@id":"https:\/\/dmp-reinigung.ch\/fr\/#website"},"datePublished":"2023-05-17T08:16:35+00:00","dateModified":"2023-05-21T13:12:12+00:00","breadcrumb":{"@id":"https:\/\/dmp-reinigung.ch\/fr\/menage\/#breadcrumb"},"inLanguage":"fr-FR","potentialAction":[{"@type":"ReadAction","target":["https:\/\/dmp-reinigung.ch\/fr\/menage\/"]}]},{"@type":"BreadcrumbList","@id":"https:\/\/dmp-reinigung.ch\/fr\/menage\/#breadcrumb","itemListElement":[{"@type":"ListItem","position":1,"name":"Accueil","item":"https:\/\/dmp-reinigung.ch\/fr\/"},{"@type":"ListItem","position":2,"name":"M\u00e9nage"}]},{"@type":"WebSite","@id":"https:\/\/dmp-reinigung.ch\/fr\/#website","url":"https:\/\/dmp-reinigung.ch\/fr\/","name":"DMP-Reinigung","description":"","publisher":{"@id":"https:\/\/dmp-reinigung.ch\/fr\/#organization"},"potentialAction":[{"@type":"SearchAction","target":{"@type":"EntryPoint","urlTemplate":"https:\/\/dmp-reinigung.ch\/fr\/?s={search_term_string}"},"query-input":{"@type":"PropertyValueSpecification","valueRequired":true,"valueName":"search_term_string"}}],"inLanguage":"fr-FR"},{"@type":"Organization","@id":"https:\/\/dmp-reinigung.ch\/fr\/#organization","name":"DM Pereira Reinigung","url":"https:\/\/dmp-reinigung.ch\/fr\/","logo":{"@type":"ImageObject","inLanguage":"fr-FR","@id":"https:\/\/dmp-reinigung.ch\/fr\/#\/schema\/logo\/image\/","url":"https:\/\/dmp-reinigung.ch\/wp-content\/uploads\/2023\/05\/Logo-Horizontal-DM-Pereira-Reinigung-01.png","contentUrl":"https:\/\/dmp-reinigung.ch\/wp-content\/uploads\/2023\/05\/Logo-Horizontal-DM-Pereira-Reinigung-01.png","width":300,"height":150,"caption":"DM Pereira Reinigung"},"image":{"@id":"https:\/\/dmp-reinigung.ch\/fr\/#\/schema\/logo\/image\/"},"sameAs":["https:\/\/www.facebook.com\/profile.php?id=100080721353299","https:\/\/www.instagram.com\/dmpreinigung\/"]}]}},"_links":{"self":[{"href":"https:\/\/dmp-reinigung.ch\/fr\/wp-json\/wp\/v2\/pages\/3926","targetHints":{"allow":["GET"]}}],"collection":[{"href":"https:\/\/dmp-reinigung.ch\/fr\/wp-json\/wp\/v2\/pages"}],"about":[{"href":"https:\/\/dmp-reinigung.ch\/fr\/wp-json\/wp\/v2\/types\/page"}],"author":[{"embeddable":true,"href":"https:\/\/dmp-reinigung.ch\/fr\/wp-json\/wp\/v2\/users\/3"}],"replies":[{"embeddable":true,"href":"https:\/\/dmp-reinigung.ch\/fr\/wp-json\/wp\/v2\/comments?post=3926"}],"version-history":[{"count":15,"href":"https:\/\/dmp-reinigung.ch\/fr\/wp-json\/wp\/v2\/pages\/3926\/revisions"}],"predecessor-version":[{"id":4961,"href":"https:\/\/dmp-reinigung.ch\/fr\/wp-json\/wp\/v2\/pages\/3926\/revisions\/4961"}],"wp:attachment":[{"href":"https:\/\/dmp-reinigung.ch\/fr\/wp-json\/wp\/v2\/media?parent=3926"}],"curies":[{"name":"wp","href":"https:\/\/api.w.org\/{rel}","templated":true}]}}