{"id":4804,"date":"2023-05-20T18:37:20","date_gmt":"2023-05-20T16:37:20","guid":{"rendered":"https:\/\/dmp-reinigung.ch\/politique-de-confidentialite\/"},"modified":"2023-05-20T19:14:50","modified_gmt":"2023-05-20T17:14:50","slug":"politique-de-confidentialite","status":"publish","type":"page","link":"https:\/\/dmp-reinigung.ch\/fr\/politique-de-confidentialite\/","title":{"rendered":"Politique de confidentialit\u00e9"},"content":{"rendered":"\n<p><\/p>\n\n<h2 class=\"wp-block-heading\">Qui sommes-nous ?<\/h2>\n\n<p>L&rsquo;adresse de notre site web est la suivante : https:\/\/dmp-reinigung.ch.<\/p>\n\n<h2 class=\"wp-block-heading\">Commentaires<\/h2>\n\n<p>Lorsque les visiteurs laissent des commentaires sur le site, nous collectons les donn\u00e9es affich\u00e9es dans le formulaire de commentaire, ainsi que l&rsquo;adresse IP et la cha\u00eene d&rsquo;agent utilisateur du navigateur du visiteur, afin d&rsquo;aider \u00e0 la d\u00e9tection des spams.<\/p>\n\n<p>Une cha\u00eene de caract\u00e8res anonymis\u00e9e cr\u00e9\u00e9e \u00e0 partir de votre adresse \u00e9lectronique (\u00e9galement appel\u00e9e hash) peut \u00eatre mise \u00e0 la disposition du service Gravatar afin de voir si vous l&rsquo;utilisez. Vous trouverez la politique de confidentialit\u00e9 du service Gravatar ici : https:\/\/automattic.com\/privacy\/. Une fois votre commentaire valid\u00e9, votre photo de profil est visible publiquement en lien avec votre commentaire.<\/p>\n\n<h2 class=\"wp-block-heading\">M\u00e9dias<\/h2>\n\n<p>Lorsque vous t\u00e9l\u00e9chargez des images sur le site, vous devez \u00e9viter de t\u00e9l\u00e9charger des images contenant des donn\u00e9es de localisation int\u00e9gr\u00e9es (EXIF-GPS). Les visiteurs du site peuvent t\u00e9l\u00e9charger et extraire toutes les donn\u00e9es de localisation des images pr\u00e9sentes sur le site.<\/p>\n\n<h2 class=\"wp-block-heading\">Cookies<\/h2>\n\n<p>En laissant un commentaire sur notre site, vous pouvez accepter que votre nom, votre adresse e-mail et votre site web soient enregistr\u00e9s dans des cookies. C&rsquo;est pour votre commodit\u00e9, afin que vous n&rsquo;ayez pas \u00e0 saisir \u00e0 nouveau vos donn\u00e9es lorsque vous laissez un autre commentaire. Ces cookies sont conserv\u00e9s pendant un an.<\/p>\n\n<p>Lorsque vous visitez notre page d&rsquo;inscription, nous pla\u00e7ons un cookie temporaire afin de d\u00e9terminer si votre navigateur autorise les cookies. Ce cookie ne contient aucune donn\u00e9e personnelle et est supprim\u00e9 lorsque vous fermez votre navigateur.<\/p>\n\n<p>Lorsque vous vous connectez, nous pla\u00e7ons \u00e9galement plusieurs cookies afin de m\u00e9moriser vos informations de connexion et l&rsquo;affichage que vous avez choisi \u00e0 l&rsquo;\u00e9cran. Les cookies de connexion sont conserv\u00e9s pendant deux jours et les cookies d&rsquo;options d&rsquo;\u00e9cran pendant un an. Si vous choisissez \u00ab\u00a0Remember Me\u00a0\u00bb, votre inscription sera conserv\u00e9e pendant deux semaines. Lorsque vous vous d\u00e9connectez de votre compte, les cookies de connexion sont supprim\u00e9s.<\/p>\n\n<p>Lorsque vous modifiez ou publiez un article, un autre cookie est enregistr\u00e9 dans votre navigateur. Ce cookie ne contient aucune donn\u00e9e personnelle et affiche uniquement l&rsquo;ID de poste de l&rsquo;article que vous venez de modifier. Il expire au bout d&rsquo;un jour.<\/p>\n\n<h2 class=\"wp-block-heading\">Contenu int\u00e9gr\u00e9 d&rsquo;autres sites web<\/h2>\n\n<p>Les articles de ce site peuvent contenir des contenus int\u00e9gr\u00e9s (par exemple des vid\u00e9os, des images, des articles, etc.). Les contenus int\u00e9gr\u00e9s d&rsquo;autres sites web se comportent exactement comme si le visiteur avait visit\u00e9 l&rsquo;autre site web.<\/p>\n\n<p>Ces sites peuvent collecter des donn\u00e9es vous concernant, utiliser des cookies, int\u00e9grer des suivis suppl\u00e9mentaires par des tiers et surveiller votre interaction avec ces contenus int\u00e9gr\u00e9s, y compris le suivi de votre interaction avec les contenus int\u00e9gr\u00e9s si vous avez un compte et \u00eates connect\u00e9 \u00e0 ce site.<\/p>\n\n<h2 class=\"wp-block-heading\">Avec qui nous partageons vos donn\u00e9es<\/h2>\n\n<p>Si vous demandez une r\u00e9initialisation du mot de passe, votre adresse IP sera incluse dans l&rsquo;e-mail de r\u00e9initialisation.<\/p>\n\n<h2 class=\"wp-block-heading\">Combien de temps nous conservons vos donn\u00e9es<\/h2>\n\n<p>Si vous laissez un commentaire, le commentaire et ses m\u00e9tadonn\u00e9es seront conserv\u00e9s ind\u00e9finiment. De cette mani\u00e8re, nous pouvons d\u00e9tecter et approuver automatiquement les commentaires de suivi au lieu de les garder dans une file d&rsquo;attente de mod\u00e9ration.<\/p>\n\n<p>Pour les utilisateurs qui s&rsquo;enregistrent sur notre site web (le cas \u00e9ch\u00e9ant), nous enregistrons \u00e9galement les donn\u00e9es personnelles qu&rsquo;ils fournissent dans leur profil d&rsquo;utilisateur. Tous les utilisateurs peuvent consulter, modifier ou supprimer leurs donn\u00e9es personnelles \u00e0 tout moment (ils ne peuvent toutefois pas modifier leur nom d&rsquo;utilisateur). Les administrateurs du site peuvent \u00e9galement consulter et modifier ces donn\u00e9es.<\/p>\n\n<h2 class=\"wp-block-heading\">Quels sont vos droits sur vos donn\u00e9es ?<\/h2>\n\n<p>Si vous avez un compte sur ce site ou si vous avez laiss\u00e9 des commentaires, vous pouvez demander un fichier export\u00e9 des donn\u00e9es personnelles que nous d\u00e9tenons \u00e0 votre sujet, y compris toutes les donn\u00e9es que vous nous avez fournies. Vous pouvez \u00e9galement nous demander de supprimer toutes les donn\u00e9es personnelles que nous d\u00e9tenons \u00e0 votre sujet. Les donn\u00e9es que nous devons conserver pour des raisons administratives, juridiques ou de s\u00e9curit\u00e9 font exception \u00e0 cette r\u00e8gle.<\/p>\n\n<h2 class=\"wp-block-heading\">O\u00f9 vos donn\u00e9es sont envoy\u00e9es<\/h2>\n\n<p>Les commentaires des visiteurs peuvent \u00eatre v\u00e9rifi\u00e9s par un service de d\u00e9tection automatique des spams.<\/p>\n","protected":false},"excerpt":{"rendered":"<p>Qui sommes-nous ? L&rsquo;adresse de notre site web est la suivante : https:\/\/dmp-reinigung.ch. Commentaires Lorsque les visiteurs laissent des commentaires sur le site, nous collectons les donn\u00e9es affich\u00e9es dans le&#8230;<\/p>\n","protected":false},"author":3,"featured_media":0,"parent":0,"menu_order":0,"comment_status":"closed","ping_status":"open","template":"","meta":{"footnotes":""},"class_list":["post-4804","page","type-page","status-publish","hentry"],"yoast_head":"<!-- This site is optimized with the Yoast SEO plugin v25.1 - https:\/\/yoast.com\/wordpress\/plugins\/seo\/ -->\n<title>Politique de confidentialit\u00e9 - DMP-Reinigung<\/title>\n<meta name=\"robots\" content=\"index, follow, max-snippet:-1, max-image-preview:large, max-video-preview:-1\" \/>\n<link rel=\"canonical\" href=\"https:\/\/dmp-reinigung.ch\/fr\/politique-de-confidentialite\/\" \/>\n<meta property=\"og:locale\" content=\"fr_FR\" \/>\n<meta property=\"og:type\" content=\"article\" \/>\n<meta property=\"og:title\" content=\"Politique de confidentialit\u00e9 - DMP-Reinigung\" \/>\n<meta property=\"og:description\" content=\"Qui sommes-nous ? L&rsquo;adresse de notre site web est la suivante : https:\/\/dmp-reinigung.ch. Commentaires Lorsque les visiteurs laissent des commentaires sur le site, nous collectons les donn\u00e9es affich\u00e9es dans le...\" \/>\n<meta property=\"og:url\" content=\"https:\/\/dmp-reinigung.ch\/fr\/politique-de-confidentialite\/\" \/>\n<meta property=\"og:site_name\" content=\"DMP-Reinigung\" \/>\n<meta property=\"article:publisher\" content=\"https:\/\/www.facebook.com\/profile.php?id=100080721353299\" \/>\n<meta property=\"article:modified_time\" content=\"2023-05-20T17:14:50+00:00\" \/>\n<meta name=\"twitter:card\" content=\"summary_large_image\" \/>\n<meta name=\"twitter:label1\" content=\"Dur\u00e9e de lecture estim\u00e9e\" \/>\n\t<meta name=\"twitter:data1\" content=\"4 minutes\" \/>\n<script type=\"application\/ld+json\" class=\"yoast-schema-graph\">{\"@context\":\"https:\/\/schema.org\",\"@graph\":[{\"@type\":\"WebPage\",\"@id\":\"https:\/\/dmp-reinigung.ch\/fr\/politique-de-confidentialite\/\",\"url\":\"https:\/\/dmp-reinigung.ch\/fr\/politique-de-confidentialite\/\",\"name\":\"Politique de confidentialit\u00e9 - DMP-Reinigung\",\"isPartOf\":{\"@id\":\"https:\/\/dmp-reinigung.ch\/fr\/#website\"},\"datePublished\":\"2023-05-20T16:37:20+00:00\",\"dateModified\":\"2023-05-20T17:14:50+00:00\",\"breadcrumb\":{\"@id\":\"https:\/\/dmp-reinigung.ch\/fr\/politique-de-confidentialite\/#breadcrumb\"},\"inLanguage\":\"fr-FR\",\"potentialAction\":[{\"@type\":\"ReadAction\",\"target\":[\"https:\/\/dmp-reinigung.ch\/fr\/politique-de-confidentialite\/\"]}]},{\"@type\":\"BreadcrumbList\",\"@id\":\"https:\/\/dmp-reinigung.ch\/fr\/politique-de-confidentialite\/#breadcrumb\",\"itemListElement\":[{\"@type\":\"ListItem\",\"position\":1,\"name\":\"Accueil\",\"item\":\"https:\/\/dmp-reinigung.ch\/fr\/\"},{\"@type\":\"ListItem\",\"position\":2,\"name\":\"Politique de confidentialit\u00e9\"}]},{\"@type\":\"WebSite\",\"@id\":\"https:\/\/dmp-reinigung.ch\/fr\/#website\",\"url\":\"https:\/\/dmp-reinigung.ch\/fr\/\",\"name\":\"DMP-Reinigung\",\"description\":\"\",\"publisher\":{\"@id\":\"https:\/\/dmp-reinigung.ch\/fr\/#organization\"},\"potentialAction\":[{\"@type\":\"SearchAction\",\"target\":{\"@type\":\"EntryPoint\",\"urlTemplate\":\"https:\/\/dmp-reinigung.ch\/fr\/?s={search_term_string}\"},\"query-input\":{\"@type\":\"PropertyValueSpecification\",\"valueRequired\":true,\"valueName\":\"search_term_string\"}}],\"inLanguage\":\"fr-FR\"},{\"@type\":\"Organization\",\"@id\":\"https:\/\/dmp-reinigung.ch\/fr\/#organization\",\"name\":\"DM Pereira Reinigung\",\"url\":\"https:\/\/dmp-reinigung.ch\/fr\/\",\"logo\":{\"@type\":\"ImageObject\",\"inLanguage\":\"fr-FR\",\"@id\":\"https:\/\/dmp-reinigung.ch\/fr\/#\/schema\/logo\/image\/\",\"url\":\"https:\/\/dmp-reinigung.ch\/wp-content\/uploads\/2023\/05\/Logo-Horizontal-DM-Pereira-Reinigung-01.png\",\"contentUrl\":\"https:\/\/dmp-reinigung.ch\/wp-content\/uploads\/2023\/05\/Logo-Horizontal-DM-Pereira-Reinigung-01.png\",\"width\":300,\"height\":150,\"caption\":\"DM Pereira Reinigung\"},\"image\":{\"@id\":\"https:\/\/dmp-reinigung.ch\/fr\/#\/schema\/logo\/image\/\"},\"sameAs\":[\"https:\/\/www.facebook.com\/profile.php?id=100080721353299\",\"https:\/\/www.instagram.com\/dmpreinigung\/\"]}]}<\/script>\n<!-- \/ Yoast SEO plugin. -->","yoast_head_json":{"title":"Politique de confidentialit\u00e9 - DMP-Reinigung","robots":{"index":"index","follow":"follow","max-snippet":"max-snippet:-1","max-image-preview":"max-image-preview:large","max-video-preview":"max-video-preview:-1"},"canonical":"https:\/\/dmp-reinigung.ch\/fr\/politique-de-confidentialite\/","og_locale":"fr_FR","og_type":"article","og_title":"Politique de confidentialit\u00e9 - DMP-Reinigung","og_description":"Qui sommes-nous ? L&rsquo;adresse de notre site web est la suivante : https:\/\/dmp-reinigung.ch. Commentaires Lorsque les visiteurs laissent des commentaires sur le site, nous collectons les donn\u00e9es affich\u00e9es dans le...","og_url":"https:\/\/dmp-reinigung.ch\/fr\/politique-de-confidentialite\/","og_site_name":"DMP-Reinigung","article_publisher":"https:\/\/www.facebook.com\/profile.php?id=100080721353299","article_modified_time":"2023-05-20T17:14:50+00:00","twitter_card":"summary_large_image","twitter_misc":{"Dur\u00e9e de lecture estim\u00e9e":"4 minutes"},"schema":{"@context":"https:\/\/schema.org","@graph":[{"@type":"WebPage","@id":"https:\/\/dmp-reinigung.ch\/fr\/politique-de-confidentialite\/","url":"https:\/\/dmp-reinigung.ch\/fr\/politique-de-confidentialite\/","name":"Politique de confidentialit\u00e9 - DMP-Reinigung","isPartOf":{"@id":"https:\/\/dmp-reinigung.ch\/fr\/#website"},"datePublished":"2023-05-20T16:37:20+00:00","dateModified":"2023-05-20T17:14:50+00:00","breadcrumb":{"@id":"https:\/\/dmp-reinigung.ch\/fr\/politique-de-confidentialite\/#breadcrumb"},"inLanguage":"fr-FR","potentialAction":[{"@type":"ReadAction","target":["https:\/\/dmp-reinigung.ch\/fr\/politique-de-confidentialite\/"]}]},{"@type":"BreadcrumbList","@id":"https:\/\/dmp-reinigung.ch\/fr\/politique-de-confidentialite\/#breadcrumb","itemListElement":[{"@type":"ListItem","position":1,"name":"Accueil","item":"https:\/\/dmp-reinigung.ch\/fr\/"},{"@type":"ListItem","position":2,"name":"Politique de confidentialit\u00e9"}]},{"@type":"WebSite","@id":"https:\/\/dmp-reinigung.ch\/fr\/#website","url":"https:\/\/dmp-reinigung.ch\/fr\/","name":"DMP-Reinigung","description":"","publisher":{"@id":"https:\/\/dmp-reinigung.ch\/fr\/#organization"},"potentialAction":[{"@type":"SearchAction","target":{"@type":"EntryPoint","urlTemplate":"https:\/\/dmp-reinigung.ch\/fr\/?s={search_term_string}"},"query-input":{"@type":"PropertyValueSpecification","valueRequired":true,"valueName":"search_term_string"}}],"inLanguage":"fr-FR"},{"@type":"Organization","@id":"https:\/\/dmp-reinigung.ch\/fr\/#organization","name":"DM Pereira Reinigung","url":"https:\/\/dmp-reinigung.ch\/fr\/","logo":{"@type":"ImageObject","inLanguage":"fr-FR","@id":"https:\/\/dmp-reinigung.ch\/fr\/#\/schema\/logo\/image\/","url":"https:\/\/dmp-reinigung.ch\/wp-content\/uploads\/2023\/05\/Logo-Horizontal-DM-Pereira-Reinigung-01.png","contentUrl":"https:\/\/dmp-reinigung.ch\/wp-content\/uploads\/2023\/05\/Logo-Horizontal-DM-Pereira-Reinigung-01.png","width":300,"height":150,"caption":"DM Pereira Reinigung"},"image":{"@id":"https:\/\/dmp-reinigung.ch\/fr\/#\/schema\/logo\/image\/"},"sameAs":["https:\/\/www.facebook.com\/profile.php?id=100080721353299","https:\/\/www.instagram.com\/dmpreinigung\/"]}]}},"_links":{"self":[{"href":"https:\/\/dmp-reinigung.ch\/fr\/wp-json\/wp\/v2\/pages\/4804","targetHints":{"allow":["GET"]}}],"collection":[{"href":"https:\/\/dmp-reinigung.ch\/fr\/wp-json\/wp\/v2\/pages"}],"about":[{"href":"https:\/\/dmp-reinigung.ch\/fr\/wp-json\/wp\/v2\/types\/page"}],"author":[{"embeddable":true,"href":"https:\/\/dmp-reinigung.ch\/fr\/wp-json\/wp\/v2\/users\/3"}],"replies":[{"embeddable":true,"href":"https:\/\/dmp-reinigung.ch\/fr\/wp-json\/wp\/v2\/comments?post=4804"}],"version-history":[{"count":1,"href":"https:\/\/dmp-reinigung.ch\/fr\/wp-json\/wp\/v2\/pages\/4804\/revisions"}],"predecessor-version":[{"id":4805,"href":"https:\/\/dmp-reinigung.ch\/fr\/wp-json\/wp\/v2\/pages\/4804\/revisions\/4805"}],"wp:attachment":[{"href":"https:\/\/dmp-reinigung.ch\/fr\/wp-json\/wp\/v2\/media?parent=4804"}],"curies":[{"name":"wp","href":"https:\/\/api.w.org\/{rel}","templated":true}]}}